{"id":431,"date":"2025-04-26T00:55:58","date_gmt":"2025-04-25T17:55:58","guid":{"rendered":"https:\/\/bivietjsc.com\/?post_type=product&#038;p=431"},"modified":"2025-04-26T00:56:55","modified_gmt":"2025-04-25T17:56:55","slug":"smc-cho-cac-cong-trinh-dan-dung","status":"publish","type":"product","link":"https:\/\/bivietjsc.com\/en\/smc-cho-cac-cong-trinh-dan-dung\/","title":{"rendered":"SMC cho c\u00e1c c\u00f4ng tr\u00ecnh d\u00e2n d\u1ee5ng"},"content":{"rendered":"<p class=\"\" data-start=\"177\" data-end=\"510\"><strong data-start=\"177\" data-end=\"228\">V\u1eadt li\u1ec7u composite SMC (Sheet Molding Compound)<\/strong> l\u00e0 d\u00f2ng v\u1eadt li\u1ec7u nh\u1ef1a nhi\u1ec7t r\u1eafn ti\u00ean ti\u1ebfn, \u0111\u01b0\u1ee3c t\u1ea1o th\u00e0nh t\u1eeb nh\u1ef1a polyester kh\u00f4ng b\u00e3o h\u00f2a, s\u1ee3i th\u1ee7y tinh c\u1eaft ng\u1eafn v\u00e0 h\u1ec7 ph\u1ee5 gia chuy\u00ean d\u1ee5ng. V\u1eadt li\u1ec7u \u0111\u01b0\u1ee3c \u0111\u1ecbnh h\u00ecnh d\u01b0\u1edbi d\u1ea1ng t\u1ea5m s\u1eb5n, c\u00f3 th\u1ec3 \u00e9p khu\u00f4n ch\u00ednh x\u00e1c \u0111\u1ec3 t\u1ea1o ra c\u00e1c s\u1ea3n ph\u1ea9m c\u00f3 h\u00ecnh d\u1ea1ng ph\u1ee9c t\u1ea1p v\u1edbi b\u1ec1 m\u1eb7t ho\u00e0n thi\u1ec7n cao.<\/p>\n<p class=\"\" data-start=\"512\" data-end=\"834\">SMC \u0111ang ng\u00e0y c\u00e0ng \u0111\u01b0\u1ee3c \u1ee9ng d\u1ee5ng r\u1ed9ng r\u00e3i trong l\u0129nh v\u1ef1c x\u00e2y d\u1ef1ng d\u00e2n d\u1ee5ng nh\u1edd \u01b0u \u0111i\u1ec3m nh\u1eb9, b\u1ec1n, ch\u1ed1ng th\u1ea5m, kh\u00f4ng \u0103n m\u00f2n v\u00e0 thi c\u00f4ng nhanh ch\u00f3ng. Kh\u1ea3 n\u0103ng t\u1ea1o h\u00ecnh linh ho\u1ea1t, k\u1ebft h\u1ee3p v\u1edbi ch\u1ea5t l\u01b0\u1ee3ng b\u1ec1 m\u1eb7t t\u1ed1t, gi\u00fap SMC \u0111\u00e1p \u1ee9ng t\u1ed1t c\u00e1c y\u00eau c\u1ea7u v\u1ec1 k\u1ef9 thu\u1eadt v\u00e0 th\u1ea9m m\u1ef9 trong thi\u1ebft k\u1ebf n\u1ed9i th\u1ea5t, nh\u00e0 \u1edf v\u00e0 c\u00f4ng tr\u00ecnh c\u00f4ng c\u1ed9ng.<\/p>\n<p data-start=\"512\" data-end=\"834\"><img fetchpriority=\"high\" decoding=\"async\" class=\"wp-image-433 aligncenter\" src=\"https:\/\/bivietjsc.com\/wp-content\/uploads\/2025\/04\/SMC-cho-cong-trinh-dan-dung-15.png\" alt=\"\" width=\"485\" height=\"324\" srcset=\"https:\/\/bivietjsc.com\/wp-content\/uploads\/2025\/04\/SMC-cho-cong-trinh-dan-dung-15.png 1024w, https:\/\/bivietjsc.com\/wp-content\/uploads\/2025\/04\/SMC-cho-cong-trinh-dan-dung-15-768x512.png 768w, https:\/\/bivietjsc.com\/wp-content\/uploads\/2025\/04\/SMC-cho-cong-trinh-dan-dung-15-18x12.png 18w, https:\/\/bivietjsc.com\/wp-content\/uploads\/2025\/04\/SMC-cho-cong-trinh-dan-dung-15-600x400.png 600w\" sizes=\"(max-width: 485px) 100vw, 485px\" \/><\/p>\n<h3 class=\"\" data-start=\"841\" data-end=\"883\">C\u00e1c \u1ee9ng d\u1ee5ng trong c\u00f4ng tr\u00ecnh d\u00e2n d\u1ee5ng<\/h3>\n<p class=\"\" data-start=\"885\" data-end=\"1092\">V\u1edbi hi\u1ec7u su\u1ea5t \u1ed5n \u0111\u1ecbnh v\u00e0 kh\u1ea3 n\u0103ng ch\u1ed1ng ch\u1ecbu t\u1ed1t trong nhi\u1ec1u \u0111i\u1ec1u ki\u1ec7n m\u00f4i tr\u01b0\u1eddng, v\u1eadt li\u1ec7u SMC \u0111\u01b0\u1ee3c khuy\u1ebfn ngh\u1ecb s\u1eed d\u1ee5ng trong nhi\u1ec1u h\u1ea1ng m\u1ee5c n\u1ed9i th\u1ea5t v\u00e0 x\u00e2y d\u1ef1ng hi\u1ec7n \u0111\u1ea1i. M\u1ed9t s\u1ed1 \u1ee9ng d\u1ee5ng \u0111i\u1ec3n h\u00ecnh bao g\u1ed3m:<\/p>\n<ul data-start=\"1094\" data-end=\"1662\">\n<li class=\"\" data-start=\"1094\" data-end=\"1208\">\n<p class=\"\" data-start=\"1096\" data-end=\"1208\"><strong data-start=\"1096\" data-end=\"1116\">Khung ph\u00f2ng t\u1eafm:<\/strong> Ch\u1ecbu \u1ea9m t\u1ed1t, kh\u00f4ng m\u1ee5c, d\u1ec5 lau ch\u00f9i, ph\u00f9 h\u1ee3p v\u1edbi m\u00f4i tr\u01b0\u1eddng th\u01b0\u1eddng xuy\u00ean ti\u1ebfp x\u00fac v\u1edbi n\u01b0\u1edbc.<\/p>\n<\/li>\n<li class=\"\" data-start=\"1209\" data-end=\"1316\">\n<p class=\"\" data-start=\"1211\" data-end=\"1316\"><strong data-start=\"1211\" data-end=\"1228\">T\u1ea5m v\u00e1ch t\u1eafm:<\/strong> B\u1ec1 m\u1eb7t nh\u1eb5n, s\u1ea1ch, h\u1ea1n ch\u1ebf b\u00e1m b\u1ea9n, d\u1ec5 v\u1ec7 sinh v\u00e0 c\u00f3 \u0111\u1ed9 b\u1ec1n cao trong \u0111i\u1ec1u ki\u1ec7n \u1ea9m \u01b0\u1edbt.<\/p>\n<\/li>\n<li class=\"\" data-start=\"1317\" data-end=\"1429\">\n<p class=\"\" data-start=\"1319\" data-end=\"1429\"><strong data-start=\"1319\" data-end=\"1342\">Tr\u1ea7n nh\u00e0 trong nh\u00e0:<\/strong> Nh\u1eb9, d\u1ec5 thi c\u00f4ng, kh\u00f4ng cong v\u00eanh, gi\u00fap gi\u1ea3m t\u1ea3i cho k\u1ebft c\u1ea5u v\u00e0 n\u00e2ng cao t\u00ednh th\u1ea9m m\u1ef9.<\/p>\n<\/li>\n<li class=\"\" data-start=\"1430\" data-end=\"1535\">\n<p class=\"\" data-start=\"1432\" data-end=\"1535\"><strong data-start=\"1432\" data-end=\"1453\">V\u00e1n \u00e9p (waffles):<\/strong> \u0110\u01b0\u1ee3c s\u1eed d\u1ee5ng trong c\u00e1c k\u1ebft c\u1ea5u nh\u1eb9, v\u1eeba ch\u1ecbu t\u1ea3i t\u1ed1t v\u1eeba mang t\u00ednh trang tr\u00ed cao.<\/p>\n<\/li>\n<li class=\"\" data-start=\"1536\" data-end=\"1662\">\n<p class=\"\" data-start=\"1538\" data-end=\"1662\"><strong data-start=\"1538\" data-end=\"1569\">C\u00e1c v\u1eadt li\u1ec7u x\u00e2y d\u1ef1ng kh\u00e1c:<\/strong> \u1ee8ng d\u1ee5ng linh ho\u1ea1t cho c\u00e1c b\u1ed9 ph\u1eadn c\u1ea7n b\u1ec1n, nh\u1eb9, ch\u1ed1ng th\u1ea5m v\u00e0 c\u00f3 y\u00eau c\u1ea7u cao v\u1ec1 ho\u00e0n thi\u1ec7n.<\/p>\n<\/li>\n<\/ul>\n<p><strong>Th\u00f4ng s\u1ed1 hi\u1ec7u su\u1ea5t <\/strong><\/p>\n<p><img decoding=\"async\" class=\"wp-image-435 aligncenter\" src=\"https:\/\/bivietjsc.com\/wp-content\/uploads\/2025\/04\/dan-dung-2.png\" alt=\"\" width=\"529\" height=\"313\" srcset=\"https:\/\/bivietjsc.com\/wp-content\/uploads\/2025\/04\/dan-dung-2.png 625w, https:\/\/bivietjsc.com\/wp-content\/uploads\/2025\/04\/dan-dung-2-18x12.png 18w, https:\/\/bivietjsc.com\/wp-content\/uploads\/2025\/04\/dan-dung-2-600x355.png 600w\" sizes=\"(max-width: 529px) 100vw, 529px\" \/><\/p>\n<h3 class=\"\" data-start=\"1669\" data-end=\"1711\">C\u00e1c \u01b0u \u0111i\u1ec3m v\u01b0\u1ee3t tr\u1ed9i c\u1ee7a v\u1eadt li\u1ec7u SMC<\/h3>\n<p class=\"\" data-start=\"1713\" data-end=\"1880\"><strong data-start=\"1715\" data-end=\"1745\">&#8211; \u0110\u1ed9 \u1ed5n \u0111\u1ecbnh k\u00edch th\u01b0\u1edbc t\u1ed1t:<\/strong><\/p>\n<p class=\"\" data-start=\"1713\" data-end=\"1880\">SMC gi\u1eef \u0111\u01b0\u1ee3c h\u00ecnh d\u1ea1ng v\u00e0 k\u00edch th\u01b0\u1edbc \u1ed5n \u0111\u1ecbnh trong \u0111i\u1ec1u ki\u1ec7n \u1ea9m, nhi\u1ec7t ho\u1eb7c sau th\u1eddi gian d\u00e0i s\u1eed d\u1ee5ng, h\u1ea1n ch\u1ebf cong v\u00eanh v\u00e0 co ng\u00f3t.<\/p>\n<p class=\"\" data-start=\"1882\" data-end=\"2033\">&#8211;\u00a0 <strong data-start=\"1884\" data-end=\"1910\">B\u1ec1 m\u1eb7t ho\u00e0n thi\u1ec7n \u0111\u1eb9p:<\/strong><\/p>\n<p class=\"\" data-start=\"1882\" data-end=\"2033\">B\u1ec1 m\u1eb7t s\u1ea3n ph\u1ea9m c\u00f3 \u0111\u1ed9 m\u1ecbn cao, d\u1ec5 t\u1ea1o m\u00e0u ho\u1eb7c s\u01a1n ph\u1ee7, mang l\u1ea1i c\u1ea3m gi\u00e1c hi\u1ec7n \u0111\u1ea1i v\u00e0 tinh t\u1ebf trong kh\u00f4ng gian n\u1ed9i th\u1ea5t.<\/p>\n<p data-start=\"1882\" data-end=\"2033\"><img decoding=\"async\" class=\"wp-image-432 aligncenter\" src=\"https:\/\/bivietjsc.com\/wp-content\/uploads\/2025\/04\/SMC-cho-cong-trinh-dan-dung-1.png\" alt=\"\" width=\"455\" height=\"303\" srcset=\"https:\/\/bivietjsc.com\/wp-content\/uploads\/2025\/04\/SMC-cho-cong-trinh-dan-dung-1.png 1024w, https:\/\/bivietjsc.com\/wp-content\/uploads\/2025\/04\/SMC-cho-cong-trinh-dan-dung-1-768x512.png 768w, https:\/\/bivietjsc.com\/wp-content\/uploads\/2025\/04\/SMC-cho-cong-trinh-dan-dung-1-18x12.png 18w, https:\/\/bivietjsc.com\/wp-content\/uploads\/2025\/04\/SMC-cho-cong-trinh-dan-dung-1-600x400.png 600w\" sizes=\"(max-width: 455px) 100vw, 455px\" \/><\/p>\n<p class=\"\" data-start=\"2035\" data-end=\"2200\"><strong data-start=\"2037\" data-end=\"2070\">&#8211; Kh\u1ea3 n\u0103ng ch\u1ed1ng th\u1eddi ti\u1ebft t\u1ed1t:<\/strong><\/p>\n<p class=\"\" data-start=\"2035\" data-end=\"2200\">V\u1eadt li\u1ec7u kh\u00f4ng b\u1ecb \u1ea3nh h\u01b0\u1edfng b\u1edfi \u0111\u1ed9 \u1ea9m, m\u01b0a, n\u1eafng ho\u1eb7c thay \u0111\u1ed5i nhi\u1ec7t \u0111\u1ed9, ph\u00f9 h\u1ee3p v\u1edbi c\u1ea3 m\u00f4i tr\u01b0\u1eddng trong nh\u00e0 v\u00e0 b\u00e1n ngo\u00e0i tr\u1eddi.<\/p>\n<p class=\"\" data-start=\"2202\" data-end=\"2343\"><strong data-start=\"2204\" data-end=\"2227\">&#8211; L\u1eafp \u0111\u1eb7t thu\u1eadn ti\u1ec7n:<\/strong><\/p>\n<p class=\"\" data-start=\"2202\" data-end=\"2343\">SMC c\u00f3 tr\u1ecdng l\u01b0\u1ee3ng nh\u1eb9, d\u1ec5 c\u1eaft, d\u1ec5 thi c\u00f4ng v\u00e0 l\u1eafp \u0111\u1eb7t nhanh ch\u00f3ng, gi\u00fap ti\u1ebft ki\u1ec7m th\u1eddi gian v\u00e0 chi ph\u00ed x\u00e2y d\u1ef1ng.<\/p>","protected":false},"excerpt":{"rendered":"<p>Kh\u1ea3 n\u0103ng t\u1ea1o h\u00ecnh linh ho\u1ea1t, k\u1ebft h\u1ee3p v\u1edbi ch\u1ea5t l\u01b0\u1ee3ng b\u1ec1 m\u1eb7t t\u1ed1t, gi\u00fap SMC \u0111\u00e1p \u1ee9ng t\u1ed1t c\u00e1c y\u00eau c\u1ea7u v\u1ec1 k\u1ef9 thu\u1eadt v\u00e0 th\u1ea9m m\u1ef9 trong thi\u1ebft k\u1ebf n\u1ed9i th\u1ea5t, nh\u00e0 \u1edf v\u00e0 c\u00f4ng tr\u00ecnh c\u00f4ng c\u1ed9ng<\/p>","protected":false},"featured_media":432,"comment_status":"open","ping_status":"closed","template":"","meta":[],"product_brand":[],"product_cat":[33,34],"product_tag":[36],"class_list":{"0":"post-431","1":"product","2":"type-product","3":"status-publish","4":"has-post-thumbnail","6":"product_cat-smc","7":"product_cat-vat-lieu-smc","8":"product_tag-smc-cho-nha-o","10":"first","11":"instock","12":"shipping-taxable","13":"product-type-simple"},"_links":{"self":[{"href":"https:\/\/bivietjsc.com\/en\/wp-json\/wp\/v2\/product\/431","targetHints":{"allow":["GET"]}}],"collection":[{"href":"https:\/\/bivietjsc.com\/en\/wp-json\/wp\/v2\/product"}],"about":[{"href":"https:\/\/bivietjsc.com\/en\/wp-json\/wp\/v2\/types\/product"}],"replies":[{"embeddable":true,"href":"https:\/\/bivietjsc.com\/en\/wp-json\/wp\/v2\/comments?post=431"}],"wp:featuredmedia":[{"embeddable":true,"href":"https:\/\/bivietjsc.com\/en\/wp-json\/wp\/v2\/media\/432"}],"wp:attachment":[{"href":"https:\/\/bivietjsc.com\/en\/wp-json\/wp\/v2\/media?parent=431"}],"wp:term":[{"taxonomy":"product_brand","embeddable":true,"href":"https:\/\/bivietjsc.com\/en\/wp-json\/wp\/v2\/product_brand?post=431"},{"taxonomy":"product_cat","embeddable":true,"href":"https:\/\/bivietjsc.com\/en\/wp-json\/wp\/v2\/product_cat?post=431"},{"taxonomy":"product_tag","embeddable":true,"href":"https:\/\/bivietjsc.com\/en\/wp-json\/wp\/v2\/product_tag?post=431"}],"curies":[{"name":"wp","href":"https:\/\/api.w.org\/{rel}","templated":true}]}}