{"id":420,"date":"2025-04-25T23:17:24","date_gmt":"2025-04-25T16:17:24","guid":{"rendered":"https:\/\/bivietjsc.com\/?post_type=product&#038;p=420"},"modified":"2025-04-25T23:29:40","modified_gmt":"2025-04-25T16:29:40","slug":"smc-trong-giao-thong-duong-sat","status":"publish","type":"product","link":"https:\/\/bivietjsc.com\/en\/smc-trong-giao-thong-duong-sat\/","title":{"rendered":"SMC trong giao th\u00f4ng \u0111\u01b0\u1eddng s\u1eaft"},"content":{"rendered":"<p class=\"\" data-start=\"166\" data-end=\"444\">V\u1eadt li\u1ec7u composite SMC (Sheet Molding Compound) l\u00e0 v\u1eadt li\u1ec7u composite nhi\u1ec7t r\u1eafn hi\u1ec7u su\u1ea5t cao, \u0111\u01b0\u1ee3c c\u1ea5u th\u00e0nh t\u1eeb nh\u1ef1a polyester kh\u00f4ng b\u00e3o h\u00f2a, s\u1ee3i th\u1ee7y tinh c\u1eaft ng\u1eafn v\u00e0 h\u1ec7 ph\u1ee5 gia chuy\u00ean d\u1ee5ng. V\u1eadt li\u1ec7u n\u00e0y \u0111\u01b0\u1ee3c s\u1ea3n xu\u1ea5t d\u01b0\u1edbi d\u1ea1ng t\u1ea5m \u0111\u00fac s\u1eb5n, d\u1ec5 d\u00e0ng t\u1ea1o h\u00ecnh qua quy tr\u00ecnh \u00e9p khu\u00f4n ch\u00ednh x\u00e1c.<\/p>\n<p class=\"\" data-start=\"446\" data-end=\"879\">SMC n\u1ed5i b\u1eadt nh\u1edd \u0111\u1ed9 b\u1ec1n c\u01a1 h\u1ecdc cao, tr\u1ecdng l\u01b0\u1ee3ng nh\u1eb9, kh\u1ea3 n\u0103ng c\u00e1ch \u0111i\u1ec7n v\u00e0 ch\u1ed1ng ch\u00e1y v\u01b0\u1ee3t tr\u1ed9i, \u0111\u1ed3ng th\u1eddi ch\u1ed1ng \u0103n m\u00f2n, kh\u00f4ng g\u1ec9 s\u00e9t v\u00e0 \u1ed5n \u0111\u1ecbnh l\u00e2u d\u00e0i trong \u0111i\u1ec1u ki\u1ec7n m\u00f4i tr\u01b0\u1eddng kh\u1eafc nghi\u1ec7t. B\u00ean c\u1ea1nh \u0111\u00f3, kh\u1ea3 n\u0103ng s\u1ea3n xu\u1ea5t h\u00e0ng lo\u1ea1t, thi\u1ebft k\u1ebf linh ho\u1ea1t v\u00e0 b\u1ec1 m\u1eb7t ho\u00e0n thi\u1ec7n t\u1ed1t gi\u00fap SMC tr\u1edf th\u00e0nh gi\u1ea3i ph\u00e1p thay th\u1ebf t\u1ed1i \u01b0u cho kim lo\u1ea1i v\u00e0 nh\u1ef1a truy\u1ec1n th\u1ed1ng trong c\u00e1c l\u0129nh v\u1ef1c nh\u01b0 giao th\u00f4ng \u0111\u01b0\u1eddng s\u1eaft, \u00f4 t\u00f4, \u0111i\u1ec7n l\u1ef1c v\u00e0 x\u00e2y d\u1ef1ng.<\/p>\n<p data-start=\"446\" data-end=\"879\"><img fetchpriority=\"high\" decoding=\"async\" class=\"wp-image-421 aligncenter\" src=\"https:\/\/bivietjsc.com\/wp-content\/uploads\/2025\/04\/6-1.jpg\" alt=\"\" width=\"328\" height=\"328\" srcset=\"https:\/\/bivietjsc.com\/wp-content\/uploads\/2025\/04\/6-1.jpg 800w, https:\/\/bivietjsc.com\/wp-content\/uploads\/2025\/04\/6-1-768x768.jpg 768w, https:\/\/bivietjsc.com\/wp-content\/uploads\/2025\/04\/6-1-12x12.jpg 12w, https:\/\/bivietjsc.com\/wp-content\/uploads\/2025\/04\/6-1-300x300.jpg 300w, https:\/\/bivietjsc.com\/wp-content\/uploads\/2025\/04\/6-1-600x600.jpg 600w, https:\/\/bivietjsc.com\/wp-content\/uploads\/2025\/04\/6-1-100x100.jpg 100w\" sizes=\"(max-width: 328px) 100vw, 328px\" \/><\/p>\n<h2>C\u00e1c \u1ee9ng d\u1ee5ng trong ng\u00e0nh giao th\u00f4ng \u0111\u01b0\u1eddng s\u1eaft<\/h2>\n<p class=\"\" data-start=\"762\" data-end=\"949\">V\u1edbi \u0111\u1eb7c t\u00ednh k\u1ef9 thu\u1eadt \u01b0u vi\u1ec7t, v\u1eadt li\u1ec7u composite SMC \u0111\u01b0\u1ee3c \u1ee9ng d\u1ee5ng r\u1ed9ng r\u00e3i trong l\u0129nh v\u1ef1c giao th\u00f4ng \u0111\u01b0\u1eddng s\u1eaft, \u0111\u1eb7c bi\u1ec7t trong s\u1ea3n xu\u1ea5t c\u00e1c b\u1ed9 ph\u1eadn y\u00eau c\u1ea7u \u0111\u1ed9 b\u1ec1n cao, tr\u1ecdng l\u01b0\u1ee3ng nh\u1eb9 v\u00e0 kh\u1ea3 n\u0103ng ch\u1ed1ng ch\u00e1y. V\u1eadt li\u1ec7u n\u00e0y \u0111\u01b0\u1ee3c khuy\u1ebfn ngh\u1ecb s\u1eed d\u1ee5ng cho nhi\u1ec1u b\u1ed9 ph\u1eadn c\u1ea5u th\u00e0nh trong h\u1ec7 th\u1ed1ng \u0111\u01b0\u1eddng s\u1eaft hi\u1ec7n \u0111\u1ea1i, \u0111\u1eb7c bi\u1ec7t l\u00e0 c\u00e1c tuy\u1ebfn t\u00e0u cao t\u1ed1c v\u00e0 t\u00e0u \u0111i\u1ec7n ng\u1ea7m. M\u1ed9t s\u1ed1 \u1ee9ng d\u1ee5ng ti\u00eau bi\u1ec3u bao g\u1ed3m:<\/p>\n<ul>\n<li class=\"\" data-start=\"402\" data-end=\"504\">\n<p class=\"\" data-start=\"404\" data-end=\"504\"><strong data-start=\"404\" data-end=\"420\">T\u1ef1a l\u01b0ng gh\u1ebf<\/strong>: \u0111\u1ea3m b\u1ea3o \u0111\u1ed9 ch\u1eafc ch\u1eafn, tho\u1ea3i m\u00e1i v\u00e0 an to\u00e0n cho h\u00e0nh kh\u00e1ch trong su\u1ed1t h\u00e0nh tr\u00ecnh.<\/p>\n<\/li>\n<li class=\"\" data-start=\"505\" data-end=\"617\">\n<p class=\"\" data-start=\"507\" data-end=\"617\"><strong data-start=\"507\" data-end=\"529\">C\u1eeda s\u1ed5 t\u00e0u cao t\u1ed1c<\/strong>: k\u1ebft c\u1ea5u \u1ed5n \u0111\u1ecbnh, kh\u00f4ng bi\u1ebfn d\u1ea1ng, ch\u1ecbu \u0111\u01b0\u1ee3c rung \u0111\u1ed9ng m\u1ea1nh v\u00e0 th\u1eddi ti\u1ebft kh\u1eafc nghi\u1ec7t.<\/p>\n<\/li>\n<li class=\"\" data-start=\"618\" data-end=\"731\">\n<p class=\"\" data-start=\"620\" data-end=\"731\"><strong data-start=\"620\" data-end=\"639\">M\u00e1i t\u00e0u cao t\u1ed1c<\/strong>: gi\u1ea3m tr\u1ecdng l\u01b0\u1ee3ng t\u1ed5ng th\u1ec3, \u0111\u1ed3ng th\u1eddi t\u0103ng kh\u1ea3 n\u0103ng c\u00e1ch nhi\u1ec7t v\u00e0 c\u00e1ch \u00e2m cho khoang t\u00e0u.<\/p>\n<\/li>\n<li class=\"\" data-start=\"732\" data-end=\"841\">\n<p class=\"\" data-start=\"734\" data-end=\"841\"><strong data-start=\"734\" data-end=\"756\">M\u00e1ng c\u00e1p \u0111\u01b0\u1eddng s\u1eaft<\/strong>: b\u1ea3o v\u1ec7 h\u1ec7 th\u1ed1ng d\u00e2y d\u1eabn kh\u1ecfi b\u1ee5i, \u1ea9m v\u00e0 \u0103n m\u00f2n, \u0111\u1ea3m b\u1ea3o v\u1eadn h\u00e0nh \u1ed5n \u0111\u1ecbnh l\u00e2u d\u00e0i.<\/p>\n<\/li>\n<li class=\"\" data-start=\"842\" data-end=\"963\">\n<p class=\"\" data-start=\"844\" data-end=\"963\"><strong data-start=\"844\" data-end=\"872\">Gi\u00e1 \u0111\u1ee1 c\u00e1p t\u00e0u \u0111i\u1ec7n ng\u1ea7m<\/strong>: ch\u1ecbu t\u1ea3i t\u1ed1t, ch\u1ed1ng \u0103n m\u00f2n, d\u1ec5 l\u1eafp \u0111\u1eb7t trong kh\u00f4ng gian h\u1eb9p v\u00e0 m\u00f4i tr\u01b0\u1eddng c\u00f3 \u0111\u1ed9 \u1ea9m cao.<\/p>\n<\/li>\n<\/ul>\n<h2><b>Th\u00f4ng s\u1ed1 hi\u1ec7u su\u1ea5t\u00a0<\/b><\/h2>\n<p><img decoding=\"async\" class=\"size-full wp-image-424 aligncenter\" src=\"https:\/\/bivietjsc.com\/wp-content\/uploads\/2025\/04\/REMOTE.png\" alt=\"\" width=\"626\" height=\"377\" srcset=\"https:\/\/bivietjsc.com\/wp-content\/uploads\/2025\/04\/REMOTE.png 626w, https:\/\/bivietjsc.com\/wp-content\/uploads\/2025\/04\/REMOTE-18x12.png 18w, https:\/\/bivietjsc.com\/wp-content\/uploads\/2025\/04\/REMOTE-600x361.png 600w\" sizes=\"(max-width: 626px) 100vw, 626px\" \/><\/p>\n<h2 data-start=\"1425\" data-end=\"1473\">C\u00e1c \u01b0u \u0111i\u1ec3m v\u01b0\u1ee3t tr\u1ed9i c\u1ee7a v\u1eadt li\u1ec7u SMC<\/h2>\n<h3 data-start=\"1474\" data-end=\"1731\"><strong>&#8211; \u0110\u1ed9 ph\u1eb3ng v\u00e0 \u1ed5n \u0111\u1ecbnh k\u00edch th\u01b0\u1edbc cao<\/strong><\/h3>\n<p data-start=\"1474\" data-end=\"1731\">Nh\u1edd c\u1ea5u tr\u00fac \u0111\u1ed3ng nh\u1ea5t v\u00e0 c\u00f4ng ngh\u1ec7 \u00e9p khu\u00f4n hi\u1ec7n \u0111\u1ea1i, s\u1ea3n ph\u1ea9m SMC c\u00f3 b\u1ec1 m\u1eb7t ph\u1eb3ng, d\u1ec5 gia c\u00f4ng, \u00edt cong v\u00eanh v\u00e0 gi\u1eef k\u00edch th\u01b0\u1edbc \u1ed5n \u0111\u1ecbnh trong su\u1ed1t qu\u00e1 tr\u00ecnh s\u1eed d\u1ee5ng, k\u1ec3 c\u1ea3 d\u01b0\u1edbi t\u00e1c \u0111\u1ed9ng c\u1ee7a nhi\u1ec7t \u0111\u1ed9 hay \u0111\u1ed9 \u1ea9m cao.<\/p>\n<h3 data-start=\"1733\" data-end=\"1991\"><strong data-start=\"1733\" data-end=\"1770\">&#8211; \u0110\u1ed9 b\u1ec1n c\u01a1 h\u1ecdc v\u00e0 \u0111\u1ed9 d\u1ebbo dai t\u1ed1t<\/strong><\/h3>\n<p data-start=\"1733\" data-end=\"1991\">SMC c\u00f3 kh\u1ea3 n\u0103ng ch\u1ecbu l\u1ef1c va \u0111\u1eadp cao v\u00e0 kh\u00f4ng d\u1ec5 b\u1ecb n\u1ee9t g\u00e3y trong \u0111i\u1ec1u ki\u1ec7n l\u00e0m vi\u1ec7c rung l\u1eafc li\u00ean t\u1ee5c tr\u00ean c\u00e1c tuy\u1ebfn \u0111\u01b0\u1eddng s\u1eaft. \u0110\u1ed9 d\u1ebbo dai c\u1ee7a v\u1eadt li\u1ec7u gi\u00fap h\u1ea1n ch\u1ebf nguy c\u01a1 h\u01b0 h\u1ea1i trong qu\u00e1 tr\u00ecnh v\u1eadn h\u00e0nh v\u00e0 b\u1ea3o d\u01b0\u1ee1ng.<\/p>\n<p data-start=\"1733\" data-end=\"1991\"><img decoding=\"async\" class=\"wp-image-423 aligncenter\" src=\"https:\/\/bivietjsc.com\/wp-content\/uploads\/2025\/04\/8.jpg\" alt=\"\" width=\"304\" height=\"304\" srcset=\"https:\/\/bivietjsc.com\/wp-content\/uploads\/2025\/04\/8.jpg 800w, https:\/\/bivietjsc.com\/wp-content\/uploads\/2025\/04\/8-768x768.jpg 768w, https:\/\/bivietjsc.com\/wp-content\/uploads\/2025\/04\/8-12x12.jpg 12w, https:\/\/bivietjsc.com\/wp-content\/uploads\/2025\/04\/8-300x300.jpg 300w, https:\/\/bivietjsc.com\/wp-content\/uploads\/2025\/04\/8-600x600.jpg 600w, https:\/\/bivietjsc.com\/wp-content\/uploads\/2025\/04\/8-100x100.jpg 100w\" sizes=\"(max-width: 304px) 100vw, 304px\" \/><\/p>\n<h3><strong data-start=\"1993\" data-end=\"2027\">&#8211; Kh\u1ea3 n\u0103ng ch\u1ed1ng ch\u00e1y hi\u1ec7u qu\u1ea3<\/strong><\/h3>\n<p class=\"\" data-start=\"1993\" data-end=\"2209\">V\u1eadt li\u1ec7u SMC \u0111\u01b0\u1ee3c x\u1ebfp v\u00e0o nh\u00f3m v\u1eadt li\u1ec7u kh\u00f4ng ch\u00e1y, \u0111\u1ea1t ti\u00eau chu\u1ea9n an to\u00e0n qu\u1ed1c t\u1ebf. Trong tr\u01b0\u1eddng h\u1ee3p x\u1ea3y ra s\u1ef1 c\u1ed1 nhi\u1ec7t, SMC kh\u00f4ng duy tr\u00ec ch\u00e1y lan, gi\u00fap b\u1ea3o v\u1ec7 ng\u01b0\u1eddi v\u00e0 thi\u1ebft b\u1ecb.<\/p>\n<h3><strong data-start=\"2211\" data-end=\"2249\">&#8211; \u00cdt kh\u00f3i, kh\u00f4ng ph\u00e1t th\u1ea3i \u0111\u1ed9c h\u1ea1i<\/strong><\/h3>\n<p class=\"\" data-start=\"2211\" data-end=\"2435\">Khi b\u1ecb \u0111\u1ed1t, SMC kh\u00f4ng sinh ra kh\u00f3i \u0111\u1ed9c ho\u1eb7c c\u00e1c kh\u00ed g\u00e2y h\u1ea1i cho s\u1ee9c kh\u1ecfe con ng\u01b0\u1eddi. \u0110\u00e2y l\u00e0 m\u1ed9t y\u1ebfu t\u1ed1 then ch\u1ed1t trong c\u00e1c thi\u1ebft k\u1ebf y\u00eau c\u1ea7u cao v\u1ec1 an to\u00e0n ch\u00e1y n\u1ed5 v\u00e0 b\u1ea3o v\u1ec7 m\u00f4i tr\u01b0\u1eddng.<\/p>\n<h3><strong data-start=\"2437\" data-end=\"2481\">&#8211; Kh\u1ea3 n\u0103ng ch\u1ed1ng l\u00e3o h\u00f3a v\u00e0 kh\u00f4ng g\u1ec9 s\u00e9t<\/strong><\/h3>\n<p class=\"\" data-start=\"2437\" data-end=\"2680\">SMC kh\u00f4ng b\u1ecb oxy h\u00f3a hay \u0103n m\u00f2n b\u1edfi \u0111i\u1ec1u ki\u1ec7n th\u1eddi ti\u1ebft, axit ho\u1eb7c \u0111\u1ed9 \u1ea9m. Kh\u1ea3 n\u0103ng ch\u1ed1ng l\u00e3o h\u00f3a v\u01b0\u1ee3t tr\u1ed9i gi\u00fap s\u1ea3n ph\u1ea9m duy tr\u00ec t\u00ednh n\u0103ng \u1ed5n \u0111\u1ecbnh su\u1ed1t nhi\u1ec1u n\u0103m, gi\u1ea3m chi ph\u00ed b\u1ea3o tr\u00ec v\u00e0 thay th\u1ebf.<\/p>","protected":false},"excerpt":{"rendered":"<p>V\u1edbi \u0111\u1eb7c t\u00ednh k\u1ef9 thu\u1eadt \u01b0u vi\u1ec7t, v\u1eadt li\u1ec7u composite SMC \u0111\u01b0\u1ee3c \u1ee9ng d\u1ee5ng r\u1ed9ng r\u00e3i trong l\u0129nh v\u1ef1c giao th\u00f4ng \u0111\u01b0\u1eddng s\u1eaft, \u0111\u1eb7c bi\u1ec7t c\u00e1c tuy\u1ebfn t\u00e0u cao t\u1ed1c v\u00e0 t\u00e0u \u0111i\u1ec7n ng\u1ea7m.<\/p>","protected":false},"featured_media":426,"comment_status":"open","ping_status":"closed","template":"","meta":[],"product_brand":[],"product_cat":[34,33],"product_tag":[35],"class_list":{"0":"post-420","1":"product","2":"type-product","3":"status-publish","4":"has-post-thumbnail","6":"product_cat-vat-lieu-smc","7":"product_cat-smc","8":"product_tag-smc","10":"first","11":"instock","12":"shipping-taxable","13":"product-type-simple"},"_links":{"self":[{"href":"https:\/\/bivietjsc.com\/en\/wp-json\/wp\/v2\/product\/420","targetHints":{"allow":["GET"]}}],"collection":[{"href":"https:\/\/bivietjsc.com\/en\/wp-json\/wp\/v2\/product"}],"about":[{"href":"https:\/\/bivietjsc.com\/en\/wp-json\/wp\/v2\/types\/product"}],"replies":[{"embeddable":true,"href":"https:\/\/bivietjsc.com\/en\/wp-json\/wp\/v2\/comments?post=420"}],"wp:featuredmedia":[{"embeddable":true,"href":"https:\/\/bivietjsc.com\/en\/wp-json\/wp\/v2\/media\/426"}],"wp:attachment":[{"href":"https:\/\/bivietjsc.com\/en\/wp-json\/wp\/v2\/media?parent=420"}],"wp:term":[{"taxonomy":"product_brand","embeddable":true,"href":"https:\/\/bivietjsc.com\/en\/wp-json\/wp\/v2\/product_brand?post=420"},{"taxonomy":"product_cat","embeddable":true,"href":"https:\/\/bivietjsc.com\/en\/wp-json\/wp\/v2\/product_cat?post=420"},{"taxonomy":"product_tag","embeddable":true,"href":"https:\/\/bivietjsc.com\/en\/wp-json\/wp\/v2\/product_tag?post=420"}],"curies":[{"name":"wp","href":"https:\/\/api.w.org\/{rel}","templated":true}]}}